{"id":185,"date":"2018-04-11T18:56:45","date_gmt":"2018-04-11T18:56:45","guid":{"rendered":"http:\/\/ferienwohnung-wessobrunn.de\/?page_id=185"},"modified":"2022-11-27T13:59:16","modified_gmt":"2022-11-27T13:59:16","slug":"kalender","status":"publish","type":"page","link":"https:\/\/ferienwohnung-wessobrunn.de\/?page_id=185","title":{"rendered":"Buchungsportal"},"content":{"rendered":"<p>Gerne k\u00f6nnen Sie hier unsere Verf\u00fcgbarkeiten und Preise abfragen und direkt buchen! Bitte teilen Sie uns im Buchungsformular mit, wenn Kinder mitreisen bzw. wenn Sie ein Reisebett oder Hochstuhl ben\u00f6tigen, dies k\u00f6nnen wir gerne in Ihrer Buchung ber\u00fccksichtigen \ud83d\ude09<\/p>\n<p>Bzgl. der Anreisetage und Dauer versuchen wir stets auf die W\u00fcnsche unserer G\u00e4ste einzugehen, haben aber in der Sommersaison meist Samstag An-bzw. Abreise.\u00a0 Oftmals ergeben sich dennoch kleine L\u00fccken und wir k\u00f6nnen individuell reagieren. Je nach Wohnung und Aufenthaltsdauer bewegen sich unsere Tagespreise ab z.B. 65 \u20ac f\u00fcr 2 Personen\/7 Tage. Im Tagespreis ist Bettw\u00e4sche, Hand- und Geschirrt\u00fccher sowie Endreinigung enthalten. WLAN, Stellplatz f\u00fcr Ihr Fahrzeug und eine absperrbare Radlh\u00fctte sind ebenfalls im Preis.<\/p>\n<p>Gerne bereiten wir auf Wunsch f\u00fcr Sie auch einen Fr\u00fchst\u00fcckskorb zu, n\u00e4here Infos hierzu unter &#8222;Wissenswertes A-Z&#8220;!<\/p>\n<p>Stornierungen 4 Wochen vor Anreise sind kostenlos, 50% des Mietpreise bis 1 Woche vor Anreise, 100% bei einer Stornierung in den letzten 7 Tagen vor Anreise sowie bei Nichtanreise. Erg\u00e4nzend zu Ihrer Buchung k\u00f6nnen wir Ihnen auf unserer Website auch eine Reiser\u00fccktrittsversicherung der ERGO-Versicherung anbieten!<\/p>\n\n\t<!-- Advanced Booking Calendar Booking Form - https:\/\/booking-calendar-plugin.com -->\n\t\n\t<div id=\"abc-form-wrapper\">\n\t\t<img decoding=\"async\" alt=\"Lade...\" src=\"https:\/\/ferienwohnung-wessobrunn.de\/wp-admin\/images\/wpspin_light.gif\" align=\"middle\" class=\"waiting\" id=\"abc_bookinform_loading\" style=\"display:none\" \/>\n\t\t<div id=\"abc-form-content\">\n\t\t\t<div class=\"abc-column\">\n\t\t\t\t<form class=\"abc-form\"  method=\"post\">\n\t\t\t\t\t<label for=\"abc-from\">Anreise<\/label>\n\t\t\t\t\t<div class=\"abc-input-fa\">\n\t\t\t\t\t\t<span class=\"fa fa-calendar\"><\/span>\n\t\t\t\t\t\t<input id=\"abc-from\" name=\"abc-from\" class=\"abc-from\" readonly=\"true\" value=\"\">\n\t\t\t\t\t<\/div>\n\t\t\t\t\t<label for=\"abc-to\">Abreise<\/label>\n\t\t\t\t\t<div class=\"abc-input-fa\">\n\t\t\t\t\t\t<span class=\"fa fa-calendar\"><\/span>\n\t\t\t\t\t\t<input id=\"abc-to\" name=\"abc-to\" class=\"abc-to\" readonly=\"true\" value=\"\">\n\t\t\t\t\t<\/div>\n\t\t\t<\/div>\n\t\t\t<div class=\"abc-column abc-form\">\n\t\t\t\t\t<label for=\"abc-persons\">Personen<\/label>\n\t\t\t\t\t\t<div class=\"abc-input-fa\">\n\t\t\t\t\t\t\t<span class=\"fa fa-female abc-guest1\"><\/span>\n\t\t\t\t\t\t\t<span class=\"fa fa-male abc-guest2\"><\/span>\n\t\t\t\t\t\t\t<select id=\"abc-persons\" name=\"abc-persons\">\n\t\t\t\t\t\t\t\t<option value=\"1\" selected>1<\/option><option value=\"2\">2<\/option><option value=\"3\">3<\/option><option value=\"4\">4<\/option><option value=\"5\">5<\/option>\n\t\t\t\t\t\t\t<\/select>\n\t\t\t\t\t\t<\/div>\n\t\t\t\t\t<input id=\"abcPostTrigger\" type=\"hidden\" name=\"abcPostTrigger\" value=\"0\">\n\t\t\t\t\t<input id=\"abcPostCalendarId\" type=\"hidden\" name=\"abcPostCalendarId\" value=\"\">\n\t\t\t\t<\/form>\n\t\t\t<\/div>\n\t\t\t<div class=\"abc-form-row\">\n\t\t\t\t<button class=\"abc-submit\" id=\"abc-check-availabilities\"><span id=\"abc-submit-button\" class=\"abc-submit-text\">Verf\u00fcgbarkeiten pr\u00fcfen<\/span><span class=\"abc-submit-loading\" >Lade...<\/span><\/button>\n\t\t\t\t<button class=\"abc-submit\" id=\"abc-back-to-availabilities\" style=\"display: none;\"><span class=\"abc-submit-text\">Bearbeiten<\/span><\/button>\n\t\t\t<\/div>\n\t\t\t\t\t\t\n\t\t\t<div id=\"abc-bookingresults\"><\/div>\n\t\t<\/div>\n\t<\/div>\n\t\t\n<p>Sollte\u00a0 Ihr Wunschtermin nicht m\u00f6glich sein, Ihre Reisedauer unter 3 N\u00e4chten liegen oder m\u00f6chten Sie ein individuelles Angebot, so schreiben Sie uns eine kurze E-Mail:\u00a0 <a href=\"mailto:info@ferienwohnung-wessobrunn.de\">\u00a0info@ferienwohnung-wessobrunn.de<\/a>\u00a0oder kontaktieren Sie uns telefonisch unter 08809\/212 oder 0176\/64153300!<\/p>\n<p>Ihre Familie Mag<\/p>\n","protected":false},"excerpt":{"rendered":"<p>Gerne k\u00f6nnen Sie hier unsere Verf\u00fcgbarkeiten und Preise abfragen und direkt buchen! Bitte teilen Sie uns im Buchungsformular mit, wenn Kinder mitreisen bzw. wenn Sie ein Reisebett oder Hochstuhl ben\u00f6tigen, dies k\u00f6nnen wir gerne in Ihrer Buchung ber\u00fccksichtigen \ud83d\ude09 Bzgl. der Anreisetage und Dauer versuchen wir stets auf die W\u00fcnsche unserer G\u00e4ste einzugehen, haben aber &hellip; <\/p>\n<p class=\"link-more\"><a href=\"https:\/\/ferienwohnung-wessobrunn.de\/?page_id=185\" class=\"more-link\"><span class=\"screen-reader-text\">\u201eBuchungsportal\u201c <\/span>weiterlesen<\/a><\/p>\n","protected":false},"author":1,"featured_media":0,"parent":0,"menu_order":10,"comment_status":"closed","ping_status":"closed","template":"","meta":{"footnotes":""},"class_list":["post-185","page","type-page","status-publish","hentry"],"_links":{"self":[{"href":"https:\/\/ferienwohnung-wessobrunn.de\/index.php?rest_route=\/wp\/v2\/pages\/185","targetHints":{"allow":["GET"]}}],"collection":[{"href":"https:\/\/ferienwohnung-wessobrunn.de\/index.php?rest_route=\/wp\/v2\/pages"}],"about":[{"href":"https:\/\/ferienwohnung-wessobrunn.de\/index.php?rest_route=\/wp\/v2\/types\/page"}],"author":[{"embeddable":true,"href":"https:\/\/ferienwohnung-wessobrunn.de\/index.php?rest_route=\/wp\/v2\/users\/1"}],"replies":[{"embeddable":true,"href":"https:\/\/ferienwohnung-wessobrunn.de\/index.php?rest_route=%2Fwp%2Fv2%2Fcomments&post=185"}],"version-history":[{"count":50,"href":"https:\/\/ferienwohnung-wessobrunn.de\/index.php?rest_route=\/wp\/v2\/pages\/185\/revisions"}],"predecessor-version":[{"id":1110,"href":"https:\/\/ferienwohnung-wessobrunn.de\/index.php?rest_route=\/wp\/v2\/pages\/185\/revisions\/1110"}],"wp:attachment":[{"href":"https:\/\/ferienwohnung-wessobrunn.de\/index.php?rest_route=%2Fwp%2Fv2%2Fmedia&parent=185"}],"curies":[{"name":"wp","href":"https:\/\/api.w.org\/{rel}","templated":true}]}}