{"id":247,"date":"2018-04-13T13:52:10","date_gmt":"2018-04-13T13:52:10","guid":{"rendered":"http:\/\/ferienwohnung-wessobrunn.de\/?page_id=247"},"modified":"2020-05-07T13:59:39","modified_gmt":"2020-05-07T13:59:39","slug":"unser-service","status":"publish","type":"page","link":"https:\/\/ferienwohnung-wessobrunn.de\/?page_id=247","title":{"rendered":"G\u00e4stebuch"},"content":{"rendered":"<p>Vereehrte G\u00e4ste!<\/p>\n<p>Anbei ein kleiner Einblick in unser G\u00e4stebuch, gerne k\u00f6nnen Sie die Eindr\u00fccke unserer G\u00e4ste nachlesen und sich selbst am Ende verewigen ;-)!<\/p>\n<p>Wir danken Ihnen!<\/p>\n<p>Ihre Familie Mag<\/p>\n<p><iframe loading=\"lazy\" src=\"https:\/\/gastgeber.bayregio.de\/gaestebuchmodul.php?id=1472\" name=\"G\u00e4stebuch\" width=\"1000\" height=\"1500\" frameborder=\"0\"><span data-mce-type=\"bookmark\" style=\"display: inline-block; width: 0px; overflow: hidden; line-height: 0;\" class=\"mce_SELRES_start\">\ufeff<\/span><\/iframe><\/p>\n","protected":false},"excerpt":{"rendered":"<p>Vereehrte G\u00e4ste! Anbei ein kleiner Einblick in unser G\u00e4stebuch, gerne k\u00f6nnen Sie die Eindr\u00fccke unserer G\u00e4ste nachlesen und sich selbst am Ende verewigen ;-)! Wir danken Ihnen! Ihre Familie Mag \ufeff<\/p>\n","protected":false},"author":1,"featured_media":0,"parent":0,"menu_order":13,"comment_status":"closed","ping_status":"closed","template":"","meta":{"footnotes":""},"class_list":["post-247","page","type-page","status-publish","hentry"],"_links":{"self":[{"href":"https:\/\/ferienwohnung-wessobrunn.de\/index.php?rest_route=\/wp\/v2\/pages\/247","targetHints":{"allow":["GET"]}}],"collection":[{"href":"https:\/\/ferienwohnung-wessobrunn.de\/index.php?rest_route=\/wp\/v2\/pages"}],"about":[{"href":"https:\/\/ferienwohnung-wessobrunn.de\/index.php?rest_route=\/wp\/v2\/types\/page"}],"author":[{"embeddable":true,"href":"https:\/\/ferienwohnung-wessobrunn.de\/index.php?rest_route=\/wp\/v2\/users\/1"}],"replies":[{"embeddable":true,"href":"https:\/\/ferienwohnung-wessobrunn.de\/index.php?rest_route=%2Fwp%2Fv2%2Fcomments&post=247"}],"version-history":[{"count":9,"href":"https:\/\/ferienwohnung-wessobrunn.de\/index.php?rest_route=\/wp\/v2\/pages\/247\/revisions"}],"predecessor-version":[{"id":799,"href":"https:\/\/ferienwohnung-wessobrunn.de\/index.php?rest_route=\/wp\/v2\/pages\/247\/revisions\/799"}],"wp:attachment":[{"href":"https:\/\/ferienwohnung-wessobrunn.de\/index.php?rest_route=%2Fwp%2Fv2%2Fmedia&parent=247"}],"curies":[{"name":"wp","href":"https:\/\/api.w.org\/{rel}","templated":true}]}}