{"id":649,"date":"2019-02-10T08:45:16","date_gmt":"2019-02-10T08:45:16","guid":{"rendered":"http:\/\/ferienwohnung-wessobrunn.de\/?page_id=649"},"modified":"2024-06-07T14:21:42","modified_gmt":"2024-06-07T14:21:42","slug":"reiseruecktritt","status":"publish","type":"page","link":"https:\/\/ferienwohnung-wessobrunn.de\/?page_id=649","title":{"rendered":"Reiser\u00fccktritt"},"content":{"rendered":"\n<p><strong>Stornobedingungen: <\/strong><\/p>\n\n\n\n<p>2 Wochen vor Anreise ist die Stornierung kostenlos,                                                                                 50% des Mietpreise bis 1 Woche vor Anreise,                                                                                               100% bei einer Stornierung in den letzten 7 Tagen vor Anreise sowie bei Nichtanreise.<\/p>\n\n\n\n<p class=\"has-text-align-center\"><strong>Unser Tipp:         ** <em> Sicher Urlaub machen \u2013 Storno ohne Risiko<\/em><\/strong>**<\/p>\n\n\n\n<p>Damit Sie bei Stornierung oder Abbruch Ihres Urlaubs aufgrund von Erkrankung, Unfall oder Arbeitslosigkeit \u2013 auch innerhalb der Familie \u2013 m\u00f6gliche finanzielle Verluste ersetzt bekommen, empfehlen wir Ihnen die Produkte unseres Partners ERGO, dem Marktf\u00fchrer unter den Reiseversicherern in Deutschland &#8211; <strong>jetzt auch mit Covid 19  als R\u00fccktrittsgrund!<\/strong><\/p>\n\n\n\n<pre class=\"wp-block-code\"><code><\/code><\/pre>\n\n\n\n<iframe loading=\"lazy\" src=\"https:\/\/app.ergo-reiseversicherung.de\/ba4\/landingPage.html?appname=ba-tid&#038;partnerid=029631000000\" \nframeborder=\"0\" width=\"620\" height=\"1400\" title=\"ERGO Reiseversicherung Buchungsassistent\"><\/iframe>\n","protected":false},"excerpt":{"rendered":"<p>Stornobedingungen: 2 Wochen vor Anreise ist die Stornierung kostenlos, 50% des Mietpreise bis 1 Woche vor Anreise, 100% bei einer Stornierung in den letzten 7 Tagen vor Anreise sowie bei Nichtanreise. Unser Tipp: ** Sicher Urlaub machen \u2013 Storno ohne Risiko** Damit Sie bei Stornierung oder Abbruch Ihres Urlaubs aufgrund von Erkrankung, Unfall oder Arbeitslosigkeit &hellip; <\/p>\n<p class=\"link-more\"><a href=\"https:\/\/ferienwohnung-wessobrunn.de\/?page_id=649\" class=\"more-link\"><span class=\"screen-reader-text\">\u201eReiser\u00fccktritt\u201c <\/span>weiterlesen<\/a><\/p>\n","protected":false},"author":1,"featured_media":0,"parent":0,"menu_order":11,"comment_status":"closed","ping_status":"closed","template":"","meta":{"footnotes":""},"class_list":["post-649","page","type-page","status-publish","hentry"],"_links":{"self":[{"href":"https:\/\/ferienwohnung-wessobrunn.de\/index.php?rest_route=\/wp\/v2\/pages\/649","targetHints":{"allow":["GET"]}}],"collection":[{"href":"https:\/\/ferienwohnung-wessobrunn.de\/index.php?rest_route=\/wp\/v2\/pages"}],"about":[{"href":"https:\/\/ferienwohnung-wessobrunn.de\/index.php?rest_route=\/wp\/v2\/types\/page"}],"author":[{"embeddable":true,"href":"https:\/\/ferienwohnung-wessobrunn.de\/index.php?rest_route=\/wp\/v2\/users\/1"}],"replies":[{"embeddable":true,"href":"https:\/\/ferienwohnung-wessobrunn.de\/index.php?rest_route=%2Fwp%2Fv2%2Fcomments&post=649"}],"version-history":[{"count":68,"href":"https:\/\/ferienwohnung-wessobrunn.de\/index.php?rest_route=\/wp\/v2\/pages\/649\/revisions"}],"predecessor-version":[{"id":1273,"href":"https:\/\/ferienwohnung-wessobrunn.de\/index.php?rest_route=\/wp\/v2\/pages\/649\/revisions\/1273"}],"wp:attachment":[{"href":"https:\/\/ferienwohnung-wessobrunn.de\/index.php?rest_route=%2Fwp%2Fv2%2Fmedia&parent=649"}],"curies":[{"name":"wp","href":"https:\/\/api.w.org\/{rel}","templated":true}]}}