{"id":84,"date":"2018-04-11T13:14:47","date_gmt":"2018-04-11T13:14:47","guid":{"rendered":"http:\/\/ferienwohnung-wessobrunn.de\/?page_id=84"},"modified":"2025-11-07T10:44:52","modified_gmt":"2025-11-07T10:44:52","slug":"startseite","status":"publish","type":"page","link":"https:\/\/ferienwohnung-wessobrunn.de\/","title":{"rendered":"\u00dcber uns"},"content":{"rendered":"\n<p>Herzlich Willkommen bei Familie Mag!<\/p>\n\n\n\n<p>Unsere 2 Ferienwohnungen finden Sie in einer ruhigen Sackgasse von Wessobrunn mit Stellpl\u00e4tzen, Unterstellm\u00f6glichkeit f\u00fcr Fahrr\u00e4dern, einen gro\u00dfen Garten mit Schaukel, Rutsche, und Trampolin &#8211; Kinder sind herzlich willkommen!<\/p>\n\n\n\n<p>Unser geschichtstr\u00e4chtiger Ort bekannt durch die Stukateure (Dominikus Zimmermann) dem Wessobrunner Gebet und der Tassilolinde hat viel zu bieten und zu entdecken. Der Paterzeller Eibenwald gilt als einer der gr\u00f6\u00dften Eibenw\u00e4lder in Europa und hat einen wundersch\u00f6nen Lehrpfad, der nicht nur Kinder begeistern wird. Durch die geographisch gute Lage von Wessobrunn erreichen Sie die Sehensw\u00fcrdigkeiten Linderhof, Wieskirche, Neuschwanstein oder auch die St\u00e4dte M\u00fcnchen, Garmisch-Partenkirchen, Augsburg, F\u00fcssen und das Allg\u00e4u gleicherma\u00dfen schnell. Zum Baden l\u00e4dt der &#8222;Engelsrieder See&#8220; mit nur 3 km Entfernung sowie die umliegenden Seen (Ammersee, Starnberger See, W\u00f6rthsee, Staffelsee, etc.) ein.<\/p>\n\n\n\n<p>Wir freuen uns auf Ihren Besuch!<\/p>\n\n\n\n<p>Ihre Familie Mag<\/p>\n\n\n\n<h1 class=\"wp-block-heading has-text-align-left\" id=\"block-eb42af99-9cf0-4587-81c8-19d1ab771de3\"><img loading=\"lazy\" decoding=\"async\" width=\"300\" height=\"183\" src=\"http:\/\/ferienwohnung-wessobrunn.de\/wp-content\/uploads\/2018\/04\/Logo_Ferienwohnungen-Mag1-300x183.jpg\" alt=\"\"><\/h1>\n\n\n\n<p>Schaidhaufweg 10, 82405 Wessobrunn,<br>Telefon 08809\/212 oder 0176\/64153300<br>E-Mail&nbsp;<a href=\"mailto:info@ferienwohnung-wessobrunn.de\">info@ferienwohnung-wessobrunn.de&nbsp;<\/a><\/p>\n","protected":false},"excerpt":{"rendered":"<p>Herzlich Willkommen bei Familie Mag! Unsere 2 Ferienwohnungen finden Sie in einer ruhigen Sackgasse von Wessobrunn mit Stellpl\u00e4tzen, Unterstellm\u00f6glichkeit f\u00fcr Fahrr\u00e4dern, einen gro\u00dfen Garten mit Schaukel, Rutsche, und Trampolin &#8211; Kinder sind herzlich willkommen! Unser geschichtstr\u00e4chtiger Ort bekannt durch die Stukateure (Dominikus Zimmermann) dem Wessobrunner Gebet und der Tassilolinde hat viel zu bieten und zu &hellip; <\/p>\n<p class=\"link-more\"><a href=\"https:\/\/ferienwohnung-wessobrunn.de\/\" class=\"more-link\"><span class=\"screen-reader-text\">\u201e\u00dcber uns\u201c <\/span>weiterlesen<\/a><\/p>\n","protected":false},"author":1,"featured_media":0,"parent":0,"menu_order":1,"comment_status":"closed","ping_status":"closed","template":"","meta":{"footnotes":""},"class_list":["post-84","page","type-page","status-publish","hentry"],"_links":{"self":[{"href":"https:\/\/ferienwohnung-wessobrunn.de\/index.php?rest_route=\/wp\/v2\/pages\/84","targetHints":{"allow":["GET"]}}],"collection":[{"href":"https:\/\/ferienwohnung-wessobrunn.de\/index.php?rest_route=\/wp\/v2\/pages"}],"about":[{"href":"https:\/\/ferienwohnung-wessobrunn.de\/index.php?rest_route=\/wp\/v2\/types\/page"}],"author":[{"embeddable":true,"href":"https:\/\/ferienwohnung-wessobrunn.de\/index.php?rest_route=\/wp\/v2\/users\/1"}],"replies":[{"embeddable":true,"href":"https:\/\/ferienwohnung-wessobrunn.de\/index.php?rest_route=%2Fwp%2Fv2%2Fcomments&post=84"}],"version-history":[{"count":65,"href":"https:\/\/ferienwohnung-wessobrunn.de\/index.php?rest_route=\/wp\/v2\/pages\/84\/revisions"}],"predecessor-version":[{"id":1347,"href":"https:\/\/ferienwohnung-wessobrunn.de\/index.php?rest_route=\/wp\/v2\/pages\/84\/revisions\/1347"}],"wp:attachment":[{"href":"https:\/\/ferienwohnung-wessobrunn.de\/index.php?rest_route=%2Fwp%2Fv2%2Fmedia&parent=84"}],"curies":[{"name":"wp","href":"https:\/\/api.w.org\/{rel}","templated":true}]}}